{"id":1158,"date":"2026-04-05T07:03:55","date_gmt":"2026-04-05T11:03:55","guid":{"rendered":"https:\/\/www.bureau-a-louer-centre-ville-montreal.com\/blog\/?page_id=1158"},"modified":"2026-04-05T07:34:11","modified_gmt":"2026-04-05T11:34:11","slug":"3-confirmation-thank-you-page-bureau-centre-ville","status":"publish","type":"page","link":"https:\/\/www.bureau-a-louer-centre-ville-montreal.com\/blog\/3-confirmation-thank-you-page-bureau-centre-ville\/","title":{"rendered":"3-confirmation-thank-you-page"},"content":{"rendered":"\t\t<div data-elementor-type=\"wp-page\" data-elementor-id=\"1158\" class=\"elementor elementor-1158\">\n\t\t\t\t\t\t<section class=\"elementor-section elementor-top-section elementor-element elementor-element-24aa9ee6 elementor-section-boxed elementor-section-height-default elementor-section-height-default\" data-id=\"24aa9ee6\" data-element_type=\"section\" data-e-type=\"section\">\n\t\t\t\t\t\t<div class=\"elementor-container elementor-column-gap-default\">\n\t\t\t\t\t<div class=\"elementor-column elementor-col-100 elementor-top-column elementor-element elementor-element-1345d50e\" data-id=\"1345d50e\" data-element_type=\"column\" data-e-type=\"column\">\n\t\t\t<div class=\"elementor-widget-wrap elementor-element-populated\">\n\t\t\t\t\t\t<div class=\"elementor-element elementor-element-4f5f55cd elementor-widget elementor-widget-heading\" data-id=\"4f5f55cd\" data-element_type=\"widget\" data-e-type=\"widget\" data-widget_type=\"heading.default\">\n\t\t\t\t\t<h1 class=\"elementor-heading-title elementor-size-default\">Bureau \u00e0 Louer Centre-Ville Montreal<\/h1>\t\t\t\t<\/div>\n\t\t\t\t<div class=\"elementor-element elementor-element-4cc1b402 elementor-widget-divider--view-line elementor-widget elementor-widget-divider\" data-id=\"4cc1b402\" data-element_type=\"widget\" data-e-type=\"widget\" data-widget_type=\"divider.default\">\n\t\t\t\t\t\t\t<div class=\"elementor-divider\">\n\t\t\t<span class=\"elementor-divider-separator\">\n\t\t\t\t\t\t<\/span>\n\t\t<\/div>\n\t\t\t\t\t\t<\/div>\n\t\t\t\t<div class=\"elementor-element elementor-element-23ceab97 elementor-widget elementor-widget-text-editor\" data-id=\"23ceab97\" data-element_type=\"widget\" data-e-type=\"widget\" data-widget_type=\"text-editor.default\">\n\t\t\t\t\t\t\t\t\t<p>Pour mieux cibler les espaces qui correspondent exactement \u00e0 vos crit\u00e8res, j&#8217;ai besoin de savoir ce qui est important pour vous dans l&#8217;espace que vous voulez louer.<\/p><p><strong>Ex: Secteur de la ville, superficie, budget, etc<br \/><\/strong><br \/>Voici un court questionnaire (5 questions) qui va m&#8217;aider \u00e0 cibler les espaces qui vont vous int\u00e9resser.<\/p><p>SVP copiez\/collez les questions suivantes dans un courriel et me l&#8217;envoyer \u00e0<br \/><a href=\"mailto:Henri.Cousineau@Espaces-a-Louer.com?subject=Voici%20mes%20crit%C3%A8res%20de%20recherche\">Henri.Cousineau@Espaces-a-Louer.com<\/a><\/p><p class=\"auto-style4\">1.\u00a0\u00a0\u00a0\u00a0\u00a0\u00a0\u00a0Vous voulez dans quel secteur de la ville?<\/p><p class=\"auto-style4\">2.\u00a0\u00a0\u00a0\u00a0\u00a0\u00a0\u00a0Quelle superficie?<\/p><p class=\"auto-style4\">3.\u00a0\u00a0\u00a0\u00a0\u00a0\u00a0\u00a0Quel est votre budget (excluant la TPS et TVQ)<\/p><p class=\"auto-style4\">4.\u00a0\u00a0\u00a0\u00a0\u00a0\u00a0\u00a0Vous voulez l\u2019espace \u00e0 partir de quand?<\/p><p class=\"auto-style4\">5.\u00a0\u00a0\u00a0\u00a0\u00a0\u00a0\u00a0Vous cherchez un bail de combien de temps?<\/p>\t\t\t\t\t\t\t\t<\/div>\n\t\t\t\t<div class=\"elementor-element elementor-element-789282a8 elementor-widget elementor-widget-heading\" data-id=\"789282a8\" data-element_type=\"widget\" data-e-type=\"widget\" data-widget_type=\"heading.default\">\n\t\t\t\t\t<h1 class=\"elementor-heading-title elementor-size-default\">Henri Cousineau 514.839.0608\n<\/h1>\t\t\t\t<\/div>\n\t\t\t\t\t<\/div>\n\t\t<\/div>\n\t\t\t\t\t<\/div>\n\t\t<\/section>\n\t\t\t\t<\/div>\n\t\t","protected":false},"excerpt":{"rendered":"<p>Bureau \u00e0 Louer Centre-Ville Montreal Pour mieux cibler les espaces qui correspondent exactement \u00e0 vos crit\u00e8res, j&#8217;ai besoin de savoir ce qui est important pour vous dans l&#8217;espace que vous voulez louer. Ex: Secteur de la ville, superficie, budget, etc &hellip; <a href=\"https:\/\/www.bureau-a-louer-centre-ville-montreal.com\/blog\/3-confirmation-thank-you-page-bureau-centre-ville\/\">Continue reading <span class=\"meta-nav\">&rarr;<\/span><\/a><\/p>\n","protected":false},"author":1,"featured_media":0,"parent":0,"menu_order":0,"comment_status":"closed","ping_status":"closed","template":"elementor_canvas","meta":{"om_disable_all_campaigns":false,"_monsterinsights_skip_tracking":false,"_monsterinsights_sitenote_active":false,"_monsterinsights_sitenote_note":"","_monsterinsights_sitenote_category":0,"footnotes":""},"class_list":["post-1158","page","type-page","status-publish","hentry"],"aioseo_notices":[],"_links":{"self":[{"href":"https:\/\/www.bureau-a-louer-centre-ville-montreal.com\/blog\/wp-json\/wp\/v2\/pages\/1158","targetHints":{"allow":["GET"]}}],"collection":[{"href":"https:\/\/www.bureau-a-louer-centre-ville-montreal.com\/blog\/wp-json\/wp\/v2\/pages"}],"about":[{"href":"https:\/\/www.bureau-a-louer-centre-ville-montreal.com\/blog\/wp-json\/wp\/v2\/types\/page"}],"author":[{"embeddable":true,"href":"https:\/\/www.bureau-a-louer-centre-ville-montreal.com\/blog\/wp-json\/wp\/v2\/users\/1"}],"replies":[{"embeddable":true,"href":"https:\/\/www.bureau-a-louer-centre-ville-montreal.com\/blog\/wp-json\/wp\/v2\/comments?post=1158"}],"version-history":[{"count":7,"href":"https:\/\/www.bureau-a-louer-centre-ville-montreal.com\/blog\/wp-json\/wp\/v2\/pages\/1158\/revisions"}],"predecessor-version":[{"id":1232,"href":"https:\/\/www.bureau-a-louer-centre-ville-montreal.com\/blog\/wp-json\/wp\/v2\/pages\/1158\/revisions\/1232"}],"wp:attachment":[{"href":"https:\/\/www.bureau-a-louer-centre-ville-montreal.com\/blog\/wp-json\/wp\/v2\/media?parent=1158"}],"curies":[{"name":"wp","href":"https:\/\/api.w.org\/{rel}","templated":true}]}}