{"id":1165,"date":"2026-04-05T06:58:54","date_gmt":"2026-04-05T10:58:54","guid":{"rendered":"https:\/\/www.bureau-a-louer-centre-ville-montreal.com\/blog\/?page_id=1165"},"modified":"2026-04-05T07:13:32","modified_gmt":"2026-04-05T11:13:32","slug":"2-please-confirm-subscription","status":"publish","type":"page","link":"https:\/\/www.bureau-a-louer-centre-ville-montreal.com\/blog\/2-please-confirm-subscription\/","title":{"rendered":"2-please-confirm-subscription"},"content":{"rendered":"\t\t<div data-elementor-type=\"wp-page\" data-elementor-id=\"1165\" class=\"elementor elementor-1165\">\n\t\t\t\t\t\t<section class=\"elementor-section elementor-top-section elementor-element elementor-element-4b6429f2 elementor-section-boxed elementor-section-height-default elementor-section-height-default\" data-id=\"4b6429f2\" data-element_type=\"section\" data-e-type=\"section\">\n\t\t\t\t\t\t<div class=\"elementor-container elementor-column-gap-default\">\n\t\t\t\t\t<div class=\"elementor-column elementor-col-100 elementor-top-column elementor-element elementor-element-7aec3fae\" data-id=\"7aec3fae\" data-element_type=\"column\" data-e-type=\"column\">\n\t\t\t<div class=\"elementor-widget-wrap elementor-element-populated\">\n\t\t\t\t\t\t<div class=\"elementor-element elementor-element-110b493b elementor-widget elementor-widget-heading\" data-id=\"110b493b\" data-element_type=\"widget\" data-e-type=\"widget\" data-widget_type=\"heading.default\">\n\t\t\t\t\t<h1 class=\"elementor-heading-title elementor-size-default\">Bureau A Louer Centre Ville Montreal<\/h1>\t\t\t\t<\/div>\n\t\t\t\t<div class=\"elementor-element elementor-element-59e6cd04 elementor-widget-divider--view-line elementor-widget elementor-widget-divider\" data-id=\"59e6cd04\" data-element_type=\"widget\" data-e-type=\"widget\" data-widget_type=\"divider.default\">\n\t\t\t\t\t\t\t<div class=\"elementor-divider\">\n\t\t\t<span class=\"elementor-divider-separator\">\n\t\t\t\t\t\t<\/span>\n\t\t<\/div>\n\t\t\t\t\t\t<\/div>\n\t\t\t\t<div class=\"elementor-element elementor-element-2cc12f7a elementor-widget elementor-widget-text-editor\" data-id=\"2cc12f7a\" data-element_type=\"widget\" data-e-type=\"widget\" data-widget_type=\"text-editor.default\">\n\t\t\t\t\t\t\t\t\tMerci pour votre int\u00e9r\u00eat <br\/>\nVous devez confirmer que vous \u00eates un humain et non une machine.\nJe viens de vous envoyer un courriel\nSVP confirmer votre demande\t\t\t\t\t\t\t\t<\/div>\n\t\t\t\t<div class=\"elementor-element elementor-element-7766206c elementor-widget elementor-widget-heading\" data-id=\"7766206c\" data-element_type=\"widget\" data-e-type=\"widget\" data-widget_type=\"heading.default\">\n\t\t\t\t\t<h1 class=\"elementor-heading-title elementor-size-default\">514.839.0608<\/h1>\t\t\t\t<\/div>\n\t\t\t\t<div class=\"elementor-element elementor-element-4ff9b442 elementor-widget elementor-widget-text-editor\" data-id=\"4ff9b442\" data-element_type=\"widget\" data-e-type=\"widget\" data-widget_type=\"text-editor.default\">\n\t\t\t\t\t\t\t\t\t<a href=\"mailto:Henri.Cousineau@espaces-a-louer.com\">Email<\/a>\t\t\t\t\t\t\t\t<\/div>\n\t\t\t\t<div class=\"elementor-element elementor-element-74e63e5c elementor-widget elementor-widget-image\" data-id=\"74e63e5c\" data-element_type=\"widget\" data-e-type=\"widget\" data-widget_type=\"image.default\">\n\t\t\t\t\t\t\t\t\t\t\t\t\t\t\t<img fetchpriority=\"high\" decoding=\"async\" width=\"640\" height=\"183\" src=\"https:\/\/www.bureau-a-louer-centre-ville-montreal.com\/blog\/wp-content\/uploads\/2026\/04\/Header.jpeg\" class=\"attachment-large size-large wp-image-1140\" alt=\"\" srcset=\"https:\/\/www.bureau-a-louer-centre-ville-montreal.com\/blog\/wp-content\/uploads\/2026\/04\/Header.jpeg 1275w, https:\/\/www.bureau-a-louer-centre-ville-montreal.com\/blog\/wp-content\/uploads\/2026\/04\/Header-300x86.jpeg 300w, https:\/\/www.bureau-a-louer-centre-ville-montreal.com\/blog\/wp-content\/uploads\/2026\/04\/Header-768x220.jpeg 768w\" sizes=\"(max-width: 640px) 100vw, 640px\" \/>\t\t\t\t\t\t\t\t\t\t\t\t\t\t\t<\/div>\n\t\t\t\t\t<\/div>\n\t\t<\/div>\n\t\t\t\t\t<\/div>\n\t\t<\/section>\n\t\t\t\t<section class=\"elementor-section elementor-top-section elementor-element elementor-element-34ad9dac elementor-section-boxed elementor-section-height-default elementor-section-height-default\" data-id=\"34ad9dac\" data-element_type=\"section\" data-e-type=\"section\">\n\t\t\t\t\t\t<div class=\"elementor-container elementor-column-gap-default\">\n\t\t\t\t\t<div class=\"elementor-column elementor-col-100 elementor-top-column elementor-element elementor-element-6d8ac1a8\" data-id=\"6d8ac1a8\" data-element_type=\"column\" data-e-type=\"column\">\n\t\t\t<div class=\"elementor-widget-wrap elementor-element-populated\">\n\t\t\t\t\t\t<div class=\"elementor-element elementor-element-5aff2896 elementor-widget elementor-widget-text-editor\" data-id=\"5aff2896\" data-element_type=\"widget\" data-e-type=\"widget\" data-widget_type=\"text-editor.default\">\n\t\t\t\t\t\t\t\t\t<p>Vous cherchez de l&#8217;espace bureau \u00e0 louer \u00e0 Montreal?<br \/>Obtenez la liste gratuite et impartiale des espaces bureau \u00e0 louer \u00e0 Montreal<br \/>Henri Cousineau<br \/><strong>514.839.0608<\/strong><\/p>\t\t\t\t\t\t\t\t<\/div>\n\t\t\t\t<div class=\"elementor-element elementor-element-2e01530f elementor-widget elementor-widget-text-editor\" data-id=\"2e01530f\" data-element_type=\"widget\" data-e-type=\"widget\" data-widget_type=\"text-editor.default\">\n\t\t\t\t\t\t\t\t\t<a href=\"mailto:Henri.Cousineau@espaces-a-louer.com\">Email<\/a>\t\t\t\t\t\t\t\t<\/div>\n\t\t\t\t\t<\/div>\n\t\t<\/div>\n\t\t\t\t\t<\/div>\n\t\t<\/section>\n\t\t\t\t<\/div>\n\t\t","protected":false},"excerpt":{"rendered":"<p>Bureau A Louer Centre Ville Montreal Merci pour votre int\u00e9r\u00eat Vous devez confirmer que vous \u00eates un humain et non une machine. Je viens de vous envoyer un courriel SVP confirmer votre demande 514.839.0608 Email Vous cherchez de l&#8217;espace bureau &hellip; <a href=\"https:\/\/www.bureau-a-louer-centre-ville-montreal.com\/blog\/2-please-confirm-subscription\/\">Continue reading <span class=\"meta-nav\">&rarr;<\/span><\/a><\/p>\n","protected":false},"author":1,"featured_media":0,"parent":0,"menu_order":0,"comment_status":"closed","ping_status":"closed","template":"elementor_canvas","meta":{"om_disable_all_campaigns":false,"_monsterinsights_skip_tracking":false,"_monsterinsights_sitenote_active":false,"_monsterinsights_sitenote_note":"","_monsterinsights_sitenote_category":0,"footnotes":""},"class_list":["post-1165","page","type-page","status-publish","hentry"],"aioseo_notices":[],"_links":{"self":[{"href":"https:\/\/www.bureau-a-louer-centre-ville-montreal.com\/blog\/wp-json\/wp\/v2\/pages\/1165","targetHints":{"allow":["GET"]}}],"collection":[{"href":"https:\/\/www.bureau-a-louer-centre-ville-montreal.com\/blog\/wp-json\/wp\/v2\/pages"}],"about":[{"href":"https:\/\/www.bureau-a-louer-centre-ville-montreal.com\/blog\/wp-json\/wp\/v2\/types\/page"}],"author":[{"embeddable":true,"href":"https:\/\/www.bureau-a-louer-centre-ville-montreal.com\/blog\/wp-json\/wp\/v2\/users\/1"}],"replies":[{"embeddable":true,"href":"https:\/\/www.bureau-a-louer-centre-ville-montreal.com\/blog\/wp-json\/wp\/v2\/comments?post=1165"}],"version-history":[{"count":7,"href":"https:\/\/www.bureau-a-louer-centre-ville-montreal.com\/blog\/wp-json\/wp\/v2\/pages\/1165\/revisions"}],"predecessor-version":[{"id":1230,"href":"https:\/\/www.bureau-a-louer-centre-ville-montreal.com\/blog\/wp-json\/wp\/v2\/pages\/1165\/revisions\/1230"}],"wp:attachment":[{"href":"https:\/\/www.bureau-a-louer-centre-ville-montreal.com\/blog\/wp-json\/wp\/v2\/media?parent=1165"}],"curies":[{"name":"wp","href":"https:\/\/api.w.org\/{rel}","templated":true}]}}